{"id":22177,"date":"2026-04-01T15:08:38","date_gmt":"2026-04-01T15:08:38","guid":{"rendered":"https:\/\/www.miriego.gob.bo\/?page_id=22177"},"modified":"2026-04-01T15:39:52","modified_gmt":"2026-04-01T15:39:52","slug":"quienes-somos","status":"publish","type":"page","link":"https:\/\/www.miriego.gob.bo\/?page_id=22177","title":{"rendered":"\u00bfQuienes Somos?"},"content":{"rendered":"<p>La Unidad de Coordinaci\u00f3n y Ejecuci\u00f3n de Proyectos (UCEP \u2013 MI RIEGO) reafirma su compromiso con el desarrollo productivo y sostenible del pa\u00eds, mediante la gesti\u00f3n y ejecuci\u00f3n de proyectos de riego que fortalecen la producci\u00f3n agropecuaria y contribuyen a mejorar la calidad de vida de las familias, principalmente del \u00e1rea rural, sin dejar de atender necesidades en el \u00e1mbito urbano.<\/p>\n<p>En el marco institucional actual, el programa MI RIEGO desarrolla sus actividades bajo dependencia del Ministerio de Desarrollo Productivo Rural y Agua (MDPRyA) y bajo tuici\u00f3n del Viceministerio de Recursos H\u00eddricos, Riego, Agua Potable y Saneamiento B\u00e1sico, articulando acciones con los diferentes niveles del Estado, gobiernos subnacionales y organizaciones sociales, en el marco del compromiso del Gobierno Central de fortalecer y promover la producci\u00f3n nacional.<\/p>\n<p>Nuestra labor se orienta a impulsar infraestructura de riego eficiente y sostenible, promoviendo el uso responsable del agua y fortaleciendo las capacidades productivas, con el objetivo de incrementar la productividad agr\u00edcola, contribuir a la seguridad alimentaria y apoyar el desarrollo econ\u00f3mico del pa\u00eds.<\/p>\n<p>Asimismo, promovemos la coordinaci\u00f3n y participaci\u00f3n de actores locales, t\u00e9cnicos y comunitarios, priorizando soluciones acordes a las necesidades de las comunidades y a los desaf\u00edos de la variabilidad clim\u00e1tica.<\/p>\n<p>Desde la UCEP \u2013 MI RIEGO renovamos nuestro compromiso de trabajar con responsabilidad, transparencia y vocaci\u00f3n de servicio, consolidando proyectos que impulsen la producci\u00f3n nacional, generen bienestar social y promuevan un uso eficiente del agua para el desarrollo integral del pa\u00eds.<\/p>\n","protected":false},"excerpt":{"rendered":"<p>La Unidad de Coordinaci\u00f3n y Ejecuci\u00f3n de Proyectos (UCEP \u2013 MI RIEGO) reafirma su compromiso con el desarrollo productivo y [&hellip;]<\/p>\n","protected":false},"author":1,"featured_media":0,"parent":0,"menu_order":0,"comment_status":"closed","ping_status":"closed","template":"","meta":{"footnotes":""},"class_list":["post-22177","page","type-page","status-publish","hentry"],"_links":{"self":[{"href":"https:\/\/www.miriego.gob.bo\/index.php?rest_route=\/wp\/v2\/pages\/22177","targetHints":{"allow":["GET"]}}],"collection":[{"href":"https:\/\/www.miriego.gob.bo\/index.php?rest_route=\/wp\/v2\/pages"}],"about":[{"href":"https:\/\/www.miriego.gob.bo\/index.php?rest_route=\/wp\/v2\/types\/page"}],"author":[{"embeddable":true,"href":"https:\/\/www.miriego.gob.bo\/index.php?rest_route=\/wp\/v2\/users\/1"}],"replies":[{"embeddable":true,"href":"https:\/\/www.miriego.gob.bo\/index.php?rest_route=%2Fwp%2Fv2%2Fcomments&post=22177"}],"version-history":[{"count":2,"href":"https:\/\/www.miriego.gob.bo\/index.php?rest_route=\/wp\/v2\/pages\/22177\/revisions"}],"predecessor-version":[{"id":22185,"href":"https:\/\/www.miriego.gob.bo\/index.php?rest_route=\/wp\/v2\/pages\/22177\/revisions\/22185"}],"wp:attachment":[{"href":"https:\/\/www.miriego.gob.bo\/index.php?rest_route=%2Fwp%2Fv2%2Fmedia&parent=22177"}],"curies":[{"name":"wp","href":"https:\/\/api.w.org\/{rel}","templated":true}]}}