{"id":20229,"date":"2022-07-22T18:25:28","date_gmt":"2022-07-22T18:25:28","guid":{"rendered":"http:\/\/www.miriego.gob.bo\/?page_id=20229"},"modified":"2026-04-01T15:34:31","modified_gmt":"2026-04-01T15:34:31","slug":"mensaje-institucional","status":"publish","type":"page","link":"https:\/\/www.miriego.gob.bo\/?page_id=20229","title":{"rendered":"Mensaje Institucional"},"content":{"rendered":"<div class=\"fusion-fullwidth fullwidth-box fusion-builder-row-1 fusion-flex-container nonhundred-percent-fullwidth non-hundred-percent-height-scrolling fusion-no-small-visibility\" style=\"background-color: var(--awb-color1);background-position: center center;background-repeat: no-repeat;border-width: 0px 0px 0px 0px;border-color:hsla(var(--awb-color3-h),calc( var(--awb-color3-s) + 2% ),var(--awb-color3-l),var(--awb-color3-a));border-style:solid;\" ><div class=\"fusion-builder-row fusion-row fusion-flex-align-items-center fusion-flex-justify-content-center\" style=\"max-width:1216.8px;margin-left: calc(-4% \/ 2 );margin-right: calc(-4% \/ 2 );\"><div class=\"fusion-layout-column fusion_builder_column fusion-builder-column-0 fusion_builder_column_1_3 1_3 fusion-flex-column fusion-flex-align-self-flex-start\"><div class=\"fusion-column-wrapper fusion-flex-justify-content-flex-start fusion-content-layout-column\" style=\"background-position:left top;background-repeat:no-repeat;-webkit-background-size:cover;-moz-background-size:cover;-o-background-size:cover;background-size:cover;padding: 0px 2px 0px 18px;\"><div ><span class=\" fusion-imageframe imageframe-dropshadow imageframe-1 hover-type-none\" style=\"-webkit-box-shadow: 0px 0px 4px hsla(var(--awb-color7-h),var(--awb-color7-s),calc(var(--awb-color7-l) - 29%),var(--awb-color7-a));box-shadow: 0px 0px 4px hsla(var(--awb-color7-h),var(--awb-color7-s),calc(var(--awb-color7-l) - 29%),var(--awb-color7-a));\"><img decoding=\"async\" width=\"1707\" height=\"2560\" title=\"Rolando Mancilla\" src=\"https:\/\/www.miriego.gob.bo\/wp-content\/uploads\/2026\/04\/Rolando-Mancilla-scaled.jpeg\" data-orig-src=\"https:\/\/www.miriego.gob.bo\/wp-content\/uploads\/2026\/04\/Rolando-Mancilla-scaled.jpeg\" alt class=\"lazyload img-responsive wp-image-22182\" srcset=\"data:image\/svg+xml,%3Csvg%20xmlns%3D%27http%3A%2F%2Fwww.w3.org%2F2000%2Fsvg%27%20width%3D%271707%27%20height%3D%272560%27%20viewBox%3D%270%200%201707%202560%27%3E%3Crect%20width%3D%271707%27%20height%3D%272560%27%20fill-opacity%3D%220%22%2F%3E%3C%2Fsvg%3E\" data-srcset=\"https:\/\/www.miriego.gob.bo\/wp-content\/uploads\/2026\/04\/Rolando-Mancilla-200x300.jpeg 200w, https:\/\/www.miriego.gob.bo\/wp-content\/uploads\/2026\/04\/Rolando-Mancilla-400x600.jpeg 400w, https:\/\/www.miriego.gob.bo\/wp-content\/uploads\/2026\/04\/Rolando-Mancilla-600x900.jpeg 600w, https:\/\/www.miriego.gob.bo\/wp-content\/uploads\/2026\/04\/Rolando-Mancilla-800x1200.jpeg 800w, https:\/\/www.miriego.gob.bo\/wp-content\/uploads\/2026\/04\/Rolando-Mancilla-1200x1800.jpeg 1200w, https:\/\/www.miriego.gob.bo\/wp-content\/uploads\/2026\/04\/Rolando-Mancilla-scaled.jpeg 1707w\" data-sizes=\"auto\" data-orig-sizes=\"(max-width: 1024px) 100vw, (max-width: 640px) 100vw, 400px\" \/><\/span><\/div><div class=\"fusion-content-boxes content-boxes columns row fusion-columns-1 fusion-columns-total-1 fusion-content-boxes-1 content-boxes-icon-with-title content-left\" data-animationOffset=\"top-into-view\" style=\"margin-top:;margin-bottom:;\"><style type=\"text\/css\">.fusion-content-boxes-1 .heading .content-box-heading {color:var(--awb-color8);}\n\t\t\t\t\t.fusion-content-boxes-1 .fusion-content-box-hover .link-area-link-icon-hover .heading .content-box-heading,\n\t\t\t\t\t.fusion-content-boxes-1 .fusion-content-box-hover .link-area-link-icon-hover .heading .heading-link .content-box-heading,\n\t\t\t\t\t.fusion-content-boxes-1 .fusion-content-box-hover .link-area-box-hover .heading .content-box-heading,\n\t\t\t\t\t.fusion-content-boxes-1 .fusion-content-box-hover .link-area-box-hover .heading .heading-link .content-box-heading,\n\t\t\t\t\t.fusion-content-boxes-1 .fusion-content-box-hover .link-area-link-icon-hover.link-area-box .fusion-read-more,\n\t\t\t\t\t.fusion-content-boxes-1 .fusion-content-box-hover .link-area-link-icon-hover.link-area-box .fusion-read-more::after,\n\t\t\t\t\t.fusion-content-boxes-1 .fusion-content-box-hover .link-area-link-icon-hover.link-area-box .fusion-read-more::before,\n\t\t\t\t\t.fusion-content-boxes-1 .fusion-content-box-hover .fusion-read-more:hover:after,\n\t\t\t\t\t.fusion-content-boxes-1 .fusion-content-box-hover .fusion-read-more:hover:before,\n\t\t\t\t\t.fusion-content-boxes-1 .fusion-content-box-hover .fusion-read-more:hover,\n\t\t\t\t\t.fusion-content-boxes-1 .fusion-content-box-hover .link-area-box-hover.link-area-box .fusion-read-more,\n\t\t\t\t\t.fusion-content-boxes-1 .fusion-content-box-hover .link-area-box-hover.link-area-box .fusion-read-more::after,\n\t\t\t\t\t.fusion-content-boxes-1 .fusion-content-box-hover .link-area-box-hover.link-area-box .fusion-read-more::before,\n\t\t\t\t\t.fusion-content-boxes-1 .fusion-content-box-hover .link-area-link-icon-hover .icon .circle-no,\n\t\t\t\t\t.fusion-content-boxes-1 .heading .heading-link:hover .content-box-heading {\n\t\t\t\t\t\tcolor: var(--awb-color4);\n\t\t\t\t\t}\n\t\t\t\t\t.fusion-content-boxes-1 .fusion-content-box-hover .link-area-box-hover .icon .circle-no {\n\t\t\t\t\t\tcolor: var(--awb-color4) !important;\n\t\t\t\t\t}.fusion-content-boxes-1 .fusion-content-box-hover .link-area-box.link-area-box-hover .fusion-content-box-button {background: var(--awb-color5);color: var(--awb-color1);}.fusion-content-boxes-1 .fusion-content-box-hover .link-area-box.link-area-box-hover .fusion-content-box-button .fusion-button-text {color: var(--awb-color1);}\n\t\t\t\t\t.fusion-content-boxes-1 .fusion-content-box-hover .link-area-link-icon-hover .heading .icon > span {\n\t\t\t\t\t\tbackground-color: var(--awb-color4) !important;\n\t\t\t\t\t}\n\t\t\t\t\t.fusion-content-boxes-1 .fusion-content-box-hover .link-area-box-hover .heading .icon > span {\n\t\t\t\t\t\tborder-color: var(--awb-color4) !important;\n\t\t\t\t\t}<\/style><div class=\"fusion-column content-box-column content-box-column content-box-column-1 col-lg-12 col-md-12 col-sm-12 fusion-content-box-hover content-box-column-last content-box-column-last-in-row\"><div class=\"col content-box-wrapper content-wrapper link-area-link-icon content-icon-wrapper-yes icon-hover-animation-fade\" style=\"background-color:rgba(255,255,255,0);\" data-animationOffset=\"top-into-view\"><div class=\"heading icon-left\"><h2 class=\"content-box-heading fusion-responsive-typography-calculated\" style=\"font-size:24px;--fontSize:24;line-height:var(--awb-typography1-line-height);\">Ing. Franz Rolando Mancilla Quinteros<\/h2><\/div><div class=\"fusion-clearfix\"><\/div><div class=\"content-container\" style=\"color:var(--awb-color8);\">\n<p style=\"text-align: left;\"><b>COORDINADOR GENERAL UCEP MI RIEGO<\/b><\/p>\n<\/div><\/div><\/div><style type=\"text\/css\">\n\t\t\t\t\t\t.fusion-content-boxes-1 .fusion-content-box-hover .heading-link:hover .icon i.circle-yes,\n\t\t\t\t\t\t.fusion-content-boxes-1 .fusion-content-box-hover .link-area-box:hover .heading-link .icon i.circle-yes,\n\t\t\t\t\t\t.fusion-content-boxes-1 .fusion-content-box-hover .link-area-link-icon-hover .heading .icon i.circle-yes,\n\t\t\t\t\t\t.fusion-content-boxes-1 .fusion-content-box-hover .link-area-box-hover .heading .icon i.circle-yes {\n\t\t\t\t\t\t\tbackground-color: var(--awb-color4) !important;\n\t\t\t\t\t\t\tborder-color: var(--awb-color4) !important;\n\t\t\t\t\t\t}<\/style><div class=\"fusion-clearfix\"><\/div><\/div><\/div><style type=\"text\/css\">.fusion-body .fusion-builder-column-0{width:33.333333333333% !important;margin-top : 15px;margin-bottom : 15px;}.fusion-builder-column-0 > .fusion-column-wrapper {padding-top : 0px !important;padding-right : 2px !important;margin-right : 0%;padding-bottom : 0px !important;padding-left : 18px !important;margin-left : 5.76%;}@media only screen and (max-width:1024px) {.fusion-body .fusion-builder-column-0{width:100% !important;order : 0;}.fusion-builder-column-0 > .fusion-column-wrapper {margin-right : 1.92%;margin-left : 1.92%;}}@media only screen and (max-width:640px) {.fusion-body .fusion-builder-column-0{width:100% !important;order : 0;}.fusion-builder-column-0 > .fusion-column-wrapper {margin-right : 1.92%;margin-left : 1.92%;}}<\/style><\/div><div class=\"fusion-layout-column fusion_builder_column fusion-builder-column-1 fusion_builder_column_2_3 2_3 fusion-flex-column\"><div class=\"fusion-column-wrapper fusion-flex-justify-content-flex-start fusion-content-layout-column\" style=\"background-position:left top;background-repeat:no-repeat;-webkit-background-size:cover;-moz-background-size:cover;-o-background-size:cover;background-size:cover;padding: 0px 25px 0px 22px;\"><div class=\"fusion-text fusion-text-1\"><p>Como Unidad de Coordinaci\u00f3n y Ejecuci\u00f3n de Proyectos (UCEP \u2013 MI RIEGO), dependiente del Ministerio de Desarrollo Productivo Rural y Agua (MDPRyA), reafirmamos nuestro firme compromiso con el desarrollo integral y sostenible de Bolivia, priorizando la gesti\u00f3n eficiente, equitativa y responsable de los recursos h\u00eddricos para fortalecer la producci\u00f3n nacional y garantizar la seguridad alimentaria.<\/p>\n<p>Destacamos el liderazgo de nuestro presidente, Rodrigo Paz, y de nuestro ministro, Oscar Mario Justiniano, quienes impulsan pol\u00edticas p\u00fablicas orientadas al fortalecimiento del sector productivo, en articulaci\u00f3n permanente con los diferentes niveles del Estado y las organizaciones sociales, promoviendo acciones concretas en beneficio de nuestra Patria: Bolivia.<\/p>\n<p>Este trabajo conjunto permite desarrollar e implementar proyectos que responden a las necesidades reales de las comunidades, principalmente rurales, sin dejar de atender el \u00e1mbito urbano, consolidando una gesti\u00f3n participativa, eficiente y orientada a resultados, que fortalece la producci\u00f3n nacional y el desarrollo econ\u00f3mico del pa\u00eds.<\/p>\n<p>El esfuerzo coordinado entre el Gobierno Central, los gobiernos subnacionales y las organizaciones nacionales es clave para la ejecuci\u00f3n de proyectos de riego sostenible, la adaptaci\u00f3n a la variabilidad clim\u00e1tica y el aprovechamiento responsable del agua, contribuyendo al bienestar de las familias bolivianas y al desarrollo productivo de nuestras regiones.<\/p>\n<p>Reiteramos nuestro compromiso de continuar trabajando con responsabilidad, transparencia y vocaci\u00f3n de servicio, fortaleciendo la producci\u00f3n nacional, impulsando oportunidades y construyendo un futuro con mayor acceso al agua, productividad y desarrollo para Bolivia\u2026 por Bolivia, para Bolivia.<\/p>\n<div><\/div>\n<\/div><\/div><style type=\"text\/css\">.fusion-body .fusion-builder-column-1{width:66.666666666667% !important;margin-top : 15px;margin-bottom : 15px;}.fusion-builder-column-1 > .fusion-column-wrapper {padding-top : 0px !important;padding-right : 25px !important;margin-right : 2.88%;padding-bottom : 0px !important;padding-left : 22px !important;margin-left : 9.504%;}@media only screen and (max-width:1024px) {.fusion-body .fusion-builder-column-1{width:100% !important;order : 0;}.fusion-builder-column-1 > .fusion-column-wrapper {margin-right : 1.92%;margin-left : 1.92%;}}@media only screen and (max-width:640px) {.fusion-body .fusion-builder-column-1{width:100% !important;order : 0;}.fusion-builder-column-1 > .fusion-column-wrapper {margin-right : 1.92%;margin-left : 1.92%;}}<\/style><\/div><\/div><style type=\"text\/css\">.fusion-body .fusion-flex-container.fusion-builder-row-1{ padding-top : 0px;margin-top : 0px;padding-right : 0px;padding-bottom : 0px;margin-bottom : 0px;padding-left : 0px;}<\/style><\/div>\n","protected":false},"excerpt":{"rendered":"","protected":false},"author":1,"featured_media":0,"parent":0,"menu_order":0,"comment_status":"closed","ping_status":"closed","template":"","meta":{"footnotes":""},"class_list":["post-20229","page","type-page","status-publish","hentry"],"_links":{"self":[{"href":"https:\/\/www.miriego.gob.bo\/index.php?rest_route=\/wp\/v2\/pages\/20229","targetHints":{"allow":["GET"]}}],"collection":[{"href":"https:\/\/www.miriego.gob.bo\/index.php?rest_route=\/wp\/v2\/pages"}],"about":[{"href":"https:\/\/www.miriego.gob.bo\/index.php?rest_route=\/wp\/v2\/types\/page"}],"author":[{"embeddable":true,"href":"https:\/\/www.miriego.gob.bo\/index.php?rest_route=\/wp\/v2\/users\/1"}],"replies":[{"embeddable":true,"href":"https:\/\/www.miriego.gob.bo\/index.php?rest_route=%2Fwp%2Fv2%2Fcomments&post=20229"}],"version-history":[{"count":15,"href":"https:\/\/www.miriego.gob.bo\/index.php?rest_route=\/wp\/v2\/pages\/20229\/revisions"}],"predecessor-version":[{"id":22184,"href":"https:\/\/www.miriego.gob.bo\/index.php?rest_route=\/wp\/v2\/pages\/20229\/revisions\/22184"}],"wp:attachment":[{"href":"https:\/\/www.miriego.gob.bo\/index.php?rest_route=%2Fwp%2Fv2%2Fmedia&parent=20229"}],"curies":[{"name":"wp","href":"https:\/\/api.w.org\/{rel}","templated":true}]}}