{"id":20226,"date":"2022-07-22T18:25:28","date_gmt":"2022-07-22T18:25:28","guid":{"rendered":"http:\/\/www.miriego.gob.bo\/?page_id=20226"},"modified":"2026-04-01T15:20:33","modified_gmt":"2026-04-01T15:20:33","slug":"mision-y-vision","status":"publish","type":"page","link":"https:\/\/www.miriego.gob.bo\/?page_id=20226","title":{"rendered":"Misi\u00f3n y Visi\u00f3n"},"content":{"rendered":"<div class=\"fusion-fullwidth fullwidth-box fusion-builder-row-1 fusion-flex-container nonhundred-percent-fullwidth non-hundred-percent-height-scrolling\" style=\"background-color: #ffffff;background-position: center center;background-repeat: no-repeat;border-width: 0px 0px 0px 0px;border-color:hsla(var(--awb-color3-h),calc( var(--awb-color3-s) + 2% ),var(--awb-color3-l),var(--awb-color3-a));border-style:solid;\" ><div class=\"fusion-builder-row fusion-row fusion-flex-align-items-center\" style=\"max-width:1216.8px;margin-left: calc(-4% \/ 2 );margin-right: calc(-4% \/ 2 );\"><div class=\"fusion-layout-column fusion_builder_column fusion-builder-column-0 fusion_builder_column_1_2 1_2 fusion-flex-column fusion-animated\" data-animationType=\"fadeInLeft\" data-animationDuration=\"1.6\" data-animationOffset=\"top-into-view\"><div class=\"fusion-column-wrapper fusion-flex-justify-content-center fusion-content-layout-column\" style=\"background-position:left top;background-repeat:no-repeat;-webkit-background-size:cover;-moz-background-size:cover;-o-background-size:cover;background-size:cover;padding: 0px 0px 0px 0px;\"><div ><span class=\" fusion-imageframe imageframe-dropshadow imageframe-1 hover-type-none\" style=\"-webkit-box-shadow: 0px 0px 4px hsla(var(--awb-color7-h),var(--awb-color7-s),calc(var(--awb-color7-l) - 29%),var(--awb-color7-a));box-shadow: 0px 0px 4px hsla(var(--awb-color7-h),var(--awb-color7-s),calc(var(--awb-color7-l) - 29%),var(--awb-color7-a));\"><img decoding=\"async\" width=\"300\" height=\"169\" title=\"WhatsApp Image 2022-08-09 at 4.38.35 PM\" src=\"https:\/\/www.miriego.gob.bo\/wp-content\/uploads\/2022\/08\/WhatsApp-Image-2022-08-09-at-4.38.35-PM.jpeg\" data-orig-src=\"https:\/\/www.miriego.gob.bo\/wp-content\/uploads\/2022\/08\/WhatsApp-Image-2022-08-09-at-4.38.35-PM-300x169.jpeg\" alt class=\"lazyload img-responsive wp-image-20689\" srcset=\"data:image\/svg+xml,%3Csvg%20xmlns%3D%27http%3A%2F%2Fwww.w3.org%2F2000%2Fsvg%27%20width%3D%27884%27%20height%3D%27497%27%20viewBox%3D%270%200%20884%20497%27%3E%3Crect%20width%3D%27884%27%20height%3D%27497%27%20fill-opacity%3D%220%22%2F%3E%3C%2Fsvg%3E\" data-srcset=\"https:\/\/www.miriego.gob.bo\/wp-content\/uploads\/2022\/08\/WhatsApp-Image-2022-08-09-at-4.38.35-PM-200x112.jpeg 200w, https:\/\/www.miriego.gob.bo\/wp-content\/uploads\/2022\/08\/WhatsApp-Image-2022-08-09-at-4.38.35-PM-400x225.jpeg 400w, https:\/\/www.miriego.gob.bo\/wp-content\/uploads\/2022\/08\/WhatsApp-Image-2022-08-09-at-4.38.35-PM-600x337.jpeg 600w, https:\/\/www.miriego.gob.bo\/wp-content\/uploads\/2022\/08\/WhatsApp-Image-2022-08-09-at-4.38.35-PM-800x450.jpeg 800w, https:\/\/www.miriego.gob.bo\/wp-content\/uploads\/2022\/08\/WhatsApp-Image-2022-08-09-at-4.38.35-PM.jpeg 884w\" data-sizes=\"auto\" data-orig-sizes=\"(max-width: 1024px) 100vw, (max-width: 640px) 100vw, 600px\" \/><\/span><\/div><div ><span class=\" fusion-imageframe imageframe-dropshadow imageframe-2 hover-type-none\" style=\"-webkit-box-shadow: 0px 0px 4px hsla(var(--awb-color7-h),var(--awb-color7-s),calc(var(--awb-color7-l) - 29%),var(--awb-color7-a));box-shadow: 0px 0px 4px hsla(var(--awb-color7-h),var(--awb-color7-s),calc(var(--awb-color7-l) - 29%),var(--awb-color7-a));\"><img decoding=\"async\" width=\"300\" height=\"169\" title=\"WhatsApp Image 2022-08-09 at 4.38.05 PM (5)\" src=\"https:\/\/www.miriego.gob.bo\/wp-content\/uploads\/2022\/08\/WhatsApp-Image-2022-08-09-at-4.38.05-PM-5.jpeg\" data-orig-src=\"https:\/\/www.miriego.gob.bo\/wp-content\/uploads\/2022\/08\/WhatsApp-Image-2022-08-09-at-4.38.05-PM-5-300x169.jpeg\" alt class=\"lazyload img-responsive wp-image-20664\" srcset=\"data:image\/svg+xml,%3Csvg%20xmlns%3D%27http%3A%2F%2Fwww.w3.org%2F2000%2Fsvg%27%20width%3D%271280%27%20height%3D%27719%27%20viewBox%3D%270%200%201280%20719%27%3E%3Crect%20width%3D%271280%27%20height%3D%27719%27%20fill-opacity%3D%220%22%2F%3E%3C%2Fsvg%3E\" data-srcset=\"https:\/\/www.miriego.gob.bo\/wp-content\/uploads\/2022\/08\/WhatsApp-Image-2022-08-09-at-4.38.05-PM-5-200x112.jpeg 200w, https:\/\/www.miriego.gob.bo\/wp-content\/uploads\/2022\/08\/WhatsApp-Image-2022-08-09-at-4.38.05-PM-5-400x225.jpeg 400w, https:\/\/www.miriego.gob.bo\/wp-content\/uploads\/2022\/08\/WhatsApp-Image-2022-08-09-at-4.38.05-PM-5-600x337.jpeg 600w, https:\/\/www.miriego.gob.bo\/wp-content\/uploads\/2022\/08\/WhatsApp-Image-2022-08-09-at-4.38.05-PM-5-800x449.jpeg 800w, https:\/\/www.miriego.gob.bo\/wp-content\/uploads\/2022\/08\/WhatsApp-Image-2022-08-09-at-4.38.05-PM-5-1200x674.jpeg 1200w, https:\/\/www.miriego.gob.bo\/wp-content\/uploads\/2022\/08\/WhatsApp-Image-2022-08-09-at-4.38.05-PM-5.jpeg 1280w\" data-sizes=\"auto\" data-orig-sizes=\"(max-width: 1024px) 100vw, (max-width: 640px) 100vw, 600px\" \/><\/span><\/div><div ><span class=\" fusion-imageframe imageframe-dropshadow imageframe-3 hover-type-none\" style=\"-webkit-box-shadow: 0px 0px 4px hsla(var(--awb-color7-h),var(--awb-color7-s),calc(var(--awb-color7-l) - 29%),var(--awb-color7-a));box-shadow: 0px 0px 4px hsla(var(--awb-color7-h),var(--awb-color7-s),calc(var(--awb-color7-l) - 29%),var(--awb-color7-a));\"><img decoding=\"async\" width=\"300\" height=\"169\" title=\"WhatsApp Image 2022-08-09 at 4.38.05 PM (6)\" src=\"https:\/\/www.miriego.gob.bo\/wp-content\/uploads\/2022\/08\/WhatsApp-Image-2022-08-09-at-4.38.05-PM-6.jpeg\" data-orig-src=\"https:\/\/www.miriego.gob.bo\/wp-content\/uploads\/2022\/08\/WhatsApp-Image-2022-08-09-at-4.38.05-PM-6-300x169.jpeg\" alt class=\"lazyload img-responsive wp-image-20665\" srcset=\"data:image\/svg+xml,%3Csvg%20xmlns%3D%27http%3A%2F%2Fwww.w3.org%2F2000%2Fsvg%27%20width%3D%271280%27%20height%3D%27719%27%20viewBox%3D%270%200%201280%20719%27%3E%3Crect%20width%3D%271280%27%20height%3D%27719%27%20fill-opacity%3D%220%22%2F%3E%3C%2Fsvg%3E\" data-srcset=\"https:\/\/www.miriego.gob.bo\/wp-content\/uploads\/2022\/08\/WhatsApp-Image-2022-08-09-at-4.38.05-PM-6-200x112.jpeg 200w, https:\/\/www.miriego.gob.bo\/wp-content\/uploads\/2022\/08\/WhatsApp-Image-2022-08-09-at-4.38.05-PM-6-400x225.jpeg 400w, https:\/\/www.miriego.gob.bo\/wp-content\/uploads\/2022\/08\/WhatsApp-Image-2022-08-09-at-4.38.05-PM-6-600x337.jpeg 600w, https:\/\/www.miriego.gob.bo\/wp-content\/uploads\/2022\/08\/WhatsApp-Image-2022-08-09-at-4.38.05-PM-6-800x449.jpeg 800w, https:\/\/www.miriego.gob.bo\/wp-content\/uploads\/2022\/08\/WhatsApp-Image-2022-08-09-at-4.38.05-PM-6-1200x674.jpeg 1200w, https:\/\/www.miriego.gob.bo\/wp-content\/uploads\/2022\/08\/WhatsApp-Image-2022-08-09-at-4.38.05-PM-6.jpeg 1280w\" data-sizes=\"auto\" data-orig-sizes=\"(max-width: 1024px) 100vw, (max-width: 640px) 100vw, 600px\" \/><\/span><\/div><\/div><style type=\"text\/css\">.fusion-body .fusion-builder-column-0{width:50% !important;margin-top : 0px;margin-bottom : 60px;}.fusion-builder-column-0 > .fusion-column-wrapper {padding-top : 0px !important;padding-right : 0px !important;margin-right : 7.68%;padding-bottom : 0px !important;padding-left : 0px !important;margin-left : 7.68%;}@media only screen and (max-width:1024px) {.fusion-body .fusion-builder-column-0{width:100% !important;order : 0;}.fusion-builder-column-0 > .fusion-column-wrapper {margin-right : 1.92%;margin-left : 1.92%;}}@media only screen and (max-width:640px) {.fusion-body .fusion-builder-column-0{width:100% !important;order : 0;margin-top : 0px;margin-bottom : 0px;}.fusion-builder-column-0 > .fusion-column-wrapper {margin-right : 1.92%;margin-left : 1.92%;}}<\/style><\/div><div class=\"fusion-layout-column fusion_builder_column fusion-builder-column-1 fusion_builder_column_1_2 1_2 fusion-flex-column fusion-animated\" data-animationType=\"fadeInRight\" data-animationDuration=\"1.6\" data-animationOffset=\"top-into-view\"><div class=\"fusion-column-wrapper fusion-flex-justify-content-flex-start fusion-content-layout-column\" style=\"background-position:left top;background-repeat:no-repeat;-webkit-background-size:cover;-moz-background-size:cover;-o-background-size:cover;background-size:cover;padding: 0px 0px 0px 0px;\"><style type=\"text\/css\">@media only screen and (max-width:1024px) {.fusion-title.fusion-title-1{margin-top:10px!important; margin-right:0px!important;margin-bottom:20px!important;margin-left:0px!important;}}@media only screen and (max-width:640px) {.fusion-title.fusion-title-1{margin-top:10px!important; margin-right:0px!important;margin-bottom:10px!important; margin-left:0px!important;}}<\/style><div class=\"fusion-title title fusion-title-1 fusion-title-text fusion-title-size-four\" style=\"font-size:30px;margin-top:10px;margin-right:0px;margin-bottom:20px;margin-left:0px;\"><div class=\"title-sep-container title-sep-container-left fusion-no-large-visibility fusion-no-medium-visibility fusion-no-small-visibility\"><div class=\"title-sep sep-\" style=\"border-color:var(--awb-color3);\"><\/div><\/div><span class=\"awb-title-spacer fusion-no-large-visibility fusion-no-medium-visibility fusion-no-small-visibility\"><\/span><h4 class=\"title-heading-left fusion-responsive-typography-calculated\" style=\"font-family:&quot;Merriweather&quot;;font-weight:400;margin:0;font-size:1em;text-transform:var(--awb-typography1-text-transform);color:#051529;--fontSize:30;line-height:1.3;\">MISI\u00d3N INSTITUCIONAL<\/h4><span class=\"awb-title-spacer\"><\/span><div class=\"title-sep-container title-sep-container-right\"><div class=\"title-sep sep-\" style=\"border-color:var(--awb-color3);\"><\/div><\/div><\/div><div class=\"fusion-text fusion-text-1 fusion-text-no-margin\" style=\"font-size:20px;line-height:1.7;letter-spacing:0px;text-transform:var(--awb-typography4-text-transform);color:rgba(5,21,41,0.8);font-family:&quot;DM Sans&quot;;font-weight:400;margin-bottom:40px;\"><p>Instituci\u00f3n que coadyuva al incremento de los ingresos de las familias rurales de Bolivia, ampliando la superficie agr\u00edcola bajo riego y fortaleciendo la producci\u00f3n nacional, mediante la gesti\u00f3n y ejecuci\u00f3n de programas y proyectos en el marco del MDPRyA.<\/p>\n<\/div><\/div><style type=\"text\/css\">.fusion-body .fusion-builder-column-1{width:50% !important;margin-top : 0px;margin-bottom : 60px;}.fusion-builder-column-1 > .fusion-column-wrapper {padding-top : 0px !important;padding-right : 0px !important;margin-right : 17.28%;padding-bottom : 0px !important;padding-left : 0px !important;margin-left : 17.28%;}@media only screen and (max-width:1024px) {.fusion-body .fusion-builder-column-1{width:100% !important;}.fusion-builder-column-1 > .fusion-column-wrapper {margin-right : 4.8%;margin-left : 6.72%;}}@media only screen and (max-width:640px) {.fusion-body .fusion-builder-column-1{width:100% !important;order : 1;margin-bottom : 0px;}.fusion-builder-column-1 > .fusion-column-wrapper {padding-top : 48px !important;padding-right : 48px !important;margin-right : 1.92%;padding-bottom : 48px !important;padding-left : 48px !important;margin-left : 1.92%;}}<\/style><\/div><div class=\"fusion-layout-column fusion_builder_column fusion-builder-column-2 fusion_builder_column_1_2 1_2 fusion-flex-column fusion-animated\" data-animationType=\"fadeInRight\" data-animationDuration=\"1.6\" data-animationOffset=\"top-into-view\"><div class=\"fusion-column-wrapper fusion-flex-justify-content-flex-start fusion-content-layout-column\" style=\"background-position:left top;background-repeat:no-repeat;-webkit-background-size:cover;-moz-background-size:cover;-o-background-size:cover;background-size:cover;padding: 0px 0px 0px 0px;\"><style type=\"text\/css\">@media only screen and (max-width:1024px) {.fusion-title.fusion-title-2{margin-top:10px!important; margin-right:0px!important;margin-bottom:20px!important;margin-left:0px!important;}}@media only screen and (max-width:640px) {.fusion-title.fusion-title-2{margin-top:10px!important; margin-right:0px!important;margin-bottom:10px!important; margin-left:0px!important;}}<\/style><div class=\"fusion-title title fusion-title-2 fusion-title-text fusion-title-size-four\" style=\"font-size:30px;margin-top:10px;margin-right:0px;margin-bottom:20px;margin-left:0px;\"><div class=\"title-sep-container title-sep-container-left fusion-no-large-visibility fusion-no-medium-visibility fusion-no-small-visibility\"><div class=\"title-sep sep-\" style=\"border-color:var(--awb-color3);\"><\/div><\/div><span class=\"awb-title-spacer fusion-no-large-visibility fusion-no-medium-visibility fusion-no-small-visibility\"><\/span><h4 class=\"title-heading-left fusion-responsive-typography-calculated\" style=\"font-family:&quot;Merriweather&quot;;font-weight:400;margin:0;font-size:1em;text-transform:var(--awb-typography1-text-transform);color:#051529;--fontSize:30;line-height:1.3;\">VISI\u00d3N INSTITUCIONAL<\/h4><span class=\"awb-title-spacer\"><\/span><div class=\"title-sep-container title-sep-container-right\"><div class=\"title-sep sep-\" style=\"border-color:var(--awb-color3);\"><\/div><\/div><\/div><div class=\"fusion-text fusion-text-2 fusion-text-no-margin\" style=\"font-size:20px;line-height:1.7;letter-spacing:0px;text-transform:var(--awb-typography4-text-transform);color:rgba(5,21,41,0.8);font-family:&quot;DM Sans&quot;;font-weight:400;margin-bottom:40px;\"><p>Ser una instituci\u00f3n l\u00edder en la gesti\u00f3n sostenible del riego, promoviendo el uso eficiente del agua y el fortalecimiento de la producci\u00f3n nacional para el desarrollo econ\u00f3mico y socioambiental de las comunidades urbanas y rurales.<\/p>\n<\/div><\/div><style type=\"text\/css\">.fusion-body .fusion-builder-column-2{width:50% !important;margin-top : 0px;margin-bottom : 60px;}.fusion-builder-column-2 > .fusion-column-wrapper {padding-top : 0px !important;padding-right : 0px !important;margin-right : 17.28%;padding-bottom : 0px !important;padding-left : 0px !important;margin-left : 17.28%;}@media only screen and (max-width:1024px) {.fusion-body .fusion-builder-column-2{width:100% !important;}.fusion-builder-column-2 > .fusion-column-wrapper {margin-right : 4.8%;margin-left : 6.72%;}}@media only screen and (max-width:640px) {.fusion-body .fusion-builder-column-2{width:100% !important;order : 5;margin-bottom : 0px;}.fusion-builder-column-2 > .fusion-column-wrapper {padding-top : 48px !important;padding-right : 48px !important;margin-right : 1.92%;padding-bottom : 48px !important;padding-left : 48px !important;margin-left : 1.92%;}}<\/style><\/div><div class=\"fusion-layout-column fusion_builder_column fusion-builder-column-3 fusion_builder_column_1_2 1_2 fusion-flex-column fusion-animated\" data-animationType=\"fadeInLeft\" data-animationDuration=\"1.6\" data-animationOffset=\"top-into-view\"><div class=\"fusion-column-wrapper fusion-flex-justify-content-center fusion-content-layout-column\" style=\"background-position:left top;background-repeat:no-repeat;-webkit-background-size:cover;-moz-background-size:cover;-o-background-size:cover;background-size:cover;padding: 0px 0px 0px 0px;\"><div ><span class=\" fusion-imageframe imageframe-none imageframe-4 hover-type-none\" style=\"border-radius:15px;\"><img decoding=\"async\" width=\"960\" height=\"720\" title=\"rie_fotoface\" src=\"https:\/\/www.miriego.gob.bo\/wp-content\/uploads\/2022\/07\/rie_fotoface.jpg\" data-orig-src=\"https:\/\/www.miriego.gob.bo\/wp-content\/uploads\/2022\/07\/rie_fotoface.jpg\" alt class=\"lazyload img-responsive wp-image-5219\" srcset=\"data:image\/svg+xml,%3Csvg%20xmlns%3D%27http%3A%2F%2Fwww.w3.org%2F2000%2Fsvg%27%20width%3D%27960%27%20height%3D%27720%27%20viewBox%3D%270%200%20960%20720%27%3E%3Crect%20width%3D%27960%27%20height%3D%27720%27%20fill-opacity%3D%220%22%2F%3E%3C%2Fsvg%3E\" data-srcset=\"https:\/\/www.miriego.gob.bo\/wp-content\/uploads\/2022\/07\/rie_fotoface-200x150.jpg 200w, https:\/\/www.miriego.gob.bo\/wp-content\/uploads\/2022\/07\/rie_fotoface-400x300.jpg 400w, https:\/\/www.miriego.gob.bo\/wp-content\/uploads\/2022\/07\/rie_fotoface-600x450.jpg 600w, https:\/\/www.miriego.gob.bo\/wp-content\/uploads\/2022\/07\/rie_fotoface-800x600.jpg 800w, https:\/\/www.miriego.gob.bo\/wp-content\/uploads\/2022\/07\/rie_fotoface.jpg 960w\" data-sizes=\"auto\" data-orig-sizes=\"(max-width: 1024px) 100vw, (max-width: 640px) 100vw, 600px\" \/><\/span><\/div><\/div><style type=\"text\/css\">.fusion-body .fusion-builder-column-3{width:50% !important;margin-top : 0px;margin-bottom : 60px;}.fusion-builder-column-3 > .fusion-column-wrapper {padding-top : 0px !important;padding-right : 0px !important;margin-right : 7.68%;padding-bottom : 0px !important;padding-left : 0px !important;margin-left : 7.68%;}@media only screen and (max-width:1024px) {.fusion-body .fusion-builder-column-3{width:100% !important;order : 0;}.fusion-builder-column-3 > .fusion-column-wrapper {margin-right : 1.92%;margin-left : 1.92%;}}@media only screen and (max-width:640px) {.fusion-body .fusion-builder-column-3{width:100% !important;order : 2;margin-bottom : 0px;}.fusion-builder-column-3 > .fusion-column-wrapper {margin-right : 1.92%;margin-left : 1.92%;}}<\/style><\/div><\/div><style type=\"text\/css\">.fusion-body .fusion-flex-container.fusion-builder-row-1{ padding-top : 80px;margin-top : 0px;padding-right : 30px;padding-bottom : 80px;margin-bottom : 0px;padding-left : 30px;}@media only screen and (max-width:1024px) {.fusion-body .fusion-flex-container.fusion-builder-row-1{ padding-top : 0px;}}@media only screen and (max-width:640px) {.fusion-body .fusion-flex-container.fusion-builder-row-1{ padding-right : 60px;padding-left : 60px;}}<\/style><\/div>\n","protected":false},"excerpt":{"rendered":"","protected":false},"author":1,"featured_media":0,"parent":0,"menu_order":0,"comment_status":"closed","ping_status":"closed","template":"","meta":{"footnotes":""},"class_list":["post-20226","page","type-page","status-publish","hentry"],"_links":{"self":[{"href":"https:\/\/www.miriego.gob.bo\/index.php?rest_route=\/wp\/v2\/pages\/20226","targetHints":{"allow":["GET"]}}],"collection":[{"href":"https:\/\/www.miriego.gob.bo\/index.php?rest_route=\/wp\/v2\/pages"}],"about":[{"href":"https:\/\/www.miriego.gob.bo\/index.php?rest_route=\/wp\/v2\/types\/page"}],"author":[{"embeddable":true,"href":"https:\/\/www.miriego.gob.bo\/index.php?rest_route=\/wp\/v2\/users\/1"}],"replies":[{"embeddable":true,"href":"https:\/\/www.miriego.gob.bo\/index.php?rest_route=%2Fwp%2Fv2%2Fcomments&post=20226"}],"version-history":[{"count":7,"href":"https:\/\/www.miriego.gob.bo\/index.php?rest_route=\/wp\/v2\/pages\/20226\/revisions"}],"predecessor-version":[{"id":22181,"href":"https:\/\/www.miriego.gob.bo\/index.php?rest_route=\/wp\/v2\/pages\/20226\/revisions\/22181"}],"wp:attachment":[{"href":"https:\/\/www.miriego.gob.bo\/index.php?rest_route=%2Fwp%2Fv2%2Fmedia&parent=20226"}],"curies":[{"name":"wp","href":"https:\/\/api.w.org\/{rel}","templated":true}]}}